{"id":72,"date":"2022-09-27T13:39:01","date_gmt":"2022-09-27T13:39:01","guid":{"rendered":"https:\/\/ueberlebenlernen.de\/?page_id=72"},"modified":"2024-07-20T08:11:41","modified_gmt":"2024-07-20T08:11:41","slug":"impressum","status":"publish","type":"page","link":"https:\/\/ueberlebenlernen.de\/?page_id=72","title":{"rendered":"Impressum"},"content":{"rendered":"\n<h3 class=\"wp-block-heading\"><strong>Anschrift<\/strong><\/h3>\n\n\n\n<p>Stiftung Zukunft der Arbeit und der sozialen Sicherung (ZASS)<\/p>\n\n\n\n<p>Bernhard-Letterhaus-Str. 26, 50670 K\u00f6ln<\/p>\n\n\n\n<p>Ruf: 0221\/77 22 216 \/ Fax: 0221\/77 22 116<\/p>\n\n\n\n<p>E-Mail: <a href=\"mailto:info@stiftung-zass.de?subject=&amp;body=\">info@stiftung-zass.de<\/a><\/p>\n\n\n\n<p><strong>Vertretungsberechtigte<\/strong>: Stefan Sendker, Michael Sch\u00e4fers<\/p>\n\n\n\n<p>Vorstand der Stiftung ZASS<\/p>\n\n\n\n<p>Die Stiftung ZASS ist eine allgemeine selbst\u00e4ndige Stiftung im Sinne des \u00a7 2 Abs. 1 StiftG NW mit Sitz in K\u00f6ln.<\/p>\n\n\n\n<p><strong>Redaktion und Texte<\/strong>: Mechthild Hartmann-Sch\u00e4fers, Angela Lohhausen, Hartmut Heidenreich<\/p>\n\n\n\n<p>Illustrationen und Abbildungen aus dem Arbeitsbuch: Mareike Siepmann<br>Gestaltung dieser Website: Winfried Kock<\/p>\n\n\n\n<p>Fotos und Kunstwerke: siehe Bildunterschriften<\/p>\n\n\n\n<h3 class=\"wp-block-heading\"><strong>Datenschutz<\/strong><\/h3>\n\n\n\n<p>Haben Sie allgemeine Fragen oder Anliegen zum Datenschutz? Dann schreiben Sie uns eine E-Mail an <a href=\"mailto:info@stiftung-zass.de?subject=&amp;body=\">info@stiftung-zass.de<\/a>.<\/p>\n\n\n\n<p>Sie haben gem\u00e4\u00df Artikel 77 DS-GVO das Recht auf Beschwerde bei der zust\u00e4ndigen Datenschutz-Aufsichtsbeh\u00f6rde. Die Kontaktdaten lauten: <strong>LDI NRW, Kavalleriestr. 2-4, 40213 D\u00fcsseldorf, GERMANY,<\/strong> <strong>Tel. 0049-211-38424-0, <a rel=\"noreferrer noopener\" href=\"http:\/\/www.ldi.nrw.de\" target=\"_blank\">www.ldi.nrw.de<\/a><\/strong><\/p>\n\n\n\n<p>Gerne k\u00f6nnen Sie zuerst Kontakt zu uns aufnehmen, bevor Sie sich bei der Aufsichtsbeh\u00f6rde melden. Falls wir Ihnen nicht weiterhelfen k\u00f6nnen, so k\u00f6nnen Sie sich anschlie\u00dfend immer noch an die Aufsichtsbeh\u00f6rdewenden.<\/p>\n\n\n\n<h3 class=\"wp-block-heading\"><strong>Rechtshinweis<\/strong><\/h3>\n\n\n\n<p>Die Stiftung ZASS pr\u00fcft und aktualisiert die Informationen auf ihren Webseiten st\u00e4ndig. Trotz aller Sorgfalt k\u00f6nnen sich die Daten ver\u00e4ndert haben. Eine Haftung oder Garantie f\u00fcr die Aktualit\u00e4t, Richtigkeit und Vollst\u00e4ndigkeit der zur Verf\u00fcgung gestellten Informationen kann daher nicht \u00fcbernommen werden.<\/p>\n\n\n\n<p>Gleiches gilt auch f\u00fcr alle anderen Websites, auf die mittels Hyperlink verwiesen wird. Die Stiftung ZASS ist f\u00fcr den Inhalt der Websites, die aufgrund einer solchen Verbindung erreicht werden, nicht verantwortlich.<\/p>\n\n\n\n<p>Des Weiteren beh\u00e4lt sich die Stiftung ZASS das Recht vor, \u00c4nderungen oder Erg\u00e4nzungen der bereitgestellten Informationen vorzunehmen.<\/p>\n","protected":false},"excerpt":{"rendered":"<p>Anschrift Stiftung Zukunft der Arbeit und der sozialen Sicherung (ZASS) Bernhard-Letterhaus-Str. 26, 50670 K\u00f6ln Ruf: 0221\/77 22 216 \/ Fax: 0221\/77 22 116 E-Mail: info@stiftung-zass.de Vertretungsberechtigte: Stefan Sendker, Michael Sch\u00e4fers Vorstand der Stiftung ZASS Die Stiftung ZASS ist eine allgemeine selbst\u00e4ndige Stiftung im Sinne des \u00a7 2 Abs. 1 StiftG NW mit Sitz in K\u00f6ln. [&hellip;]<\/p>\n","protected":false},"author":1,"featured_media":0,"parent":0,"menu_order":0,"comment_status":"closed","ping_status":"closed","template":"","meta":{"footnotes":""},"class_list":["post-72","page","type-page","status-publish","hentry"],"_links":{"self":[{"href":"https:\/\/ueberlebenlernen.de\/index.php?rest_route=\/wp\/v2\/pages\/72","targetHints":{"allow":["GET"]}}],"collection":[{"href":"https:\/\/ueberlebenlernen.de\/index.php?rest_route=\/wp\/v2\/pages"}],"about":[{"href":"https:\/\/ueberlebenlernen.de\/index.php?rest_route=\/wp\/v2\/types\/page"}],"author":[{"embeddable":true,"href":"https:\/\/ueberlebenlernen.de\/index.php?rest_route=\/wp\/v2\/users\/1"}],"replies":[{"embeddable":true,"href":"https:\/\/ueberlebenlernen.de\/index.php?rest_route=%2Fwp%2Fv2%2Fcomments&post=72"}],"version-history":[{"count":6,"href":"https:\/\/ueberlebenlernen.de\/index.php?rest_route=\/wp\/v2\/pages\/72\/revisions"}],"predecessor-version":[{"id":223,"href":"https:\/\/ueberlebenlernen.de\/index.php?rest_route=\/wp\/v2\/pages\/72\/revisions\/223"}],"wp:attachment":[{"href":"https:\/\/ueberlebenlernen.de\/index.php?rest_route=%2Fwp%2Fv2%2Fmedia&parent=72"}],"curies":[{"name":"wp","href":"https:\/\/api.w.org\/{rel}","templated":true}]}}